{"id":484,"date":"2026-01-16T23:29:05","date_gmt":"2026-01-16T23:29:05","guid":{"rendered":"https:\/\/u2cmobile.fr\/?post_type=product&#038;p=484"},"modified":"2026-01-16T23:32:09","modified_gmt":"2026-01-16T23:32:09","slug":"iphone-14-pro-max","status":"publish","type":"product","link":"https:\/\/u2cmobile.fr\/index.php\/produit\/iphone-14-pro-max\/","title":{"rendered":"Iphone 14 Pro Max"},"content":{"rendered":"","protected":false},"excerpt":{"rendered":"<p data-start=\"155\" data-end=\"207\">\ud83d\udcf1 <strong data-start=\"158\" data-end=\"207\">iPhone 14 Pro Max \u2013 128 Go \u2013 Argent \u2013 Grade A<\/strong><\/p>\n<p data-start=\"209\" data-end=\"308\">iPhone <strong data-start=\"216\" data-end=\"241\">reconditionn\u00e9 Grade A<\/strong>, <strong data-start=\"243\" data-end=\"267\">aucune trace d\u2019usure<\/strong>, \u00e9tat esth\u00e9tique <strong data-start=\"285\" data-end=\"307\">\u00e9quivalent au neuf<\/strong>.<\/p>\n<p data-start=\"310\" data-end=\"512\">\u2714\ufe0f \u00c9cran 6,7\u201d Super Retina XDR<br data-start=\"340\" data-end=\"343\" \/>\u2714\ufe0f Puce A16 Bionic ultra-rapide<br data-start=\"374\" data-end=\"377\" \/>\u2714\ufe0f Appareil photo Pro 48 MP<br data-start=\"404\" data-end=\"407\" \/>\u2714\ufe0f Face ID \u2013 5G \u2013 D\u00e9bloqu\u00e9 tout op\u00e9rateur<br data-start=\"448\" data-end=\"451\" \/>\u2714\ufe0f Batterie en excellent \u00e9tat<br data-start=\"480\" data-end=\"483\" \/>\u2714\ufe0f 100 % test\u00e9 et fonctionnel<\/p>\n","protected":false},"featured_media":486,"comment_status":"open","ping_status":"closed","template":"","meta":[],"product_brand":[46,75],"product_cat":[65,56],"product_tag":[],"class_list":{"0":"post-484","1":"product","2":"type-product","3":"status-publish","4":"has-post-thumbnail","6":"product_brand-apple","7":"product_brand-iphone-14-pro-max","8":"product_cat-reconditionne-smartphones","9":"product_cat-smartphones","11":"first","12":"instock","13":"taxable","14":"shipping-taxable","15":"purchasable","16":"product-type-simple"},"jetpack_sharing_enabled":true,"_links":{"self":[{"href":"https:\/\/u2cmobile.fr\/index.php\/wp-json\/wp\/v2\/product\/484","targetHints":{"allow":["GET"]}}],"collection":[{"href":"https:\/\/u2cmobile.fr\/index.php\/wp-json\/wp\/v2\/product"}],"about":[{"href":"https:\/\/u2cmobile.fr\/index.php\/wp-json\/wp\/v2\/types\/product"}],"replies":[{"embeddable":true,"href":"https:\/\/u2cmobile.fr\/index.php\/wp-json\/wp\/v2\/comments?post=484"}],"wp:featuredmedia":[{"embeddable":true,"href":"https:\/\/u2cmobile.fr\/index.php\/wp-json\/wp\/v2\/media\/486"}],"wp:attachment":[{"href":"https:\/\/u2cmobile.fr\/index.php\/wp-json\/wp\/v2\/media?parent=484"}],"wp:term":[{"taxonomy":"product_brand","embeddable":true,"href":"https:\/\/u2cmobile.fr\/index.php\/wp-json\/wp\/v2\/product_brand?post=484"},{"taxonomy":"product_cat","embeddable":true,"href":"https:\/\/u2cmobile.fr\/index.php\/wp-json\/wp\/v2\/product_cat?post=484"},{"taxonomy":"product_tag","embeddable":true,"href":"https:\/\/u2cmobile.fr\/index.php\/wp-json\/wp\/v2\/product_tag?post=484"}],"curies":[{"name":"wp","href":"https:\/\/api.w.org\/{rel}","templated":true}]}}