{"id":468,"date":"2025-12-28T01:40:08","date_gmt":"2025-12-28T01:40:08","guid":{"rendered":"https:\/\/u2cmobile.fr\/?post_type=product&#038;p=468"},"modified":"2025-12-28T01:40:08","modified_gmt":"2025-12-28T01:40:08","slug":"samsung-galaxy-z-flip-7","status":"publish","type":"product","link":"https:\/\/u2cmobile.fr\/index.php\/produit\/samsung-galaxy-z-flip-7\/","title":{"rendered":"Samsung Galaxy Z Flip 7"},"content":{"rendered":"<p>\ud83d\udcf1 \u00c9cran : 6,7\u2033 AMOLED pliable<br data-start=\"5004\" data-end=\"5007\" \/>\u26a1 Performance : Snapdragon 8+ Gen 2<br data-start=\"5042\" data-end=\"5045\" \/>\ud83e\udde0 M\u00e9moire : 8 Go RAM<br data-start=\"5066\" data-end=\"5069\" \/>\ud83d\udcbe Stockage : 256 Go<br data-start=\"5093\" data-end=\"5096\" \/>\ud83d\udcf7 Photo : 50 MP + 12 MP arri\u00e8re \/ 10 MP frontale<br data-start=\"5145\" data-end=\"5148\" \/>\ud83d\udd0b Batterie : 3700 mAh, usage journ\u00e9e compl\u00e8te<br data-start=\"5194\" data-end=\"5197\" \/>\ud83d\udd10 S\u00e9curit\u00e9 : D\u00e9verrouillage par empreinte digitale<br data-start=\"5248\" data-end=\"5251\" \/>\ud83d\udce6 \u00c9tat : Neuf<\/p>\n<p>Couleur: Noir<\/p>\n","protected":false},"excerpt":{"rendered":"<p data-start=\"4875\" data-end=\"4945\">Le pliable innovant, compact mais puissant.<\/p>\n","protected":false},"featured_media":469,"comment_status":"open","ping_status":"closed","template":"","meta":[],"product_brand":[],"product_cat":[59],"product_tag":[],"class_list":{"0":"post-468","1":"product","2":"type-product","3":"status-publish","4":"has-post-thumbnail","6":"product_cat-neufs-smartphones","8":"first","9":"instock","10":"taxable","11":"shipping-taxable","12":"purchasable","13":"product-type-simple"},"jetpack_sharing_enabled":true,"_links":{"self":[{"href":"https:\/\/u2cmobile.fr\/index.php\/wp-json\/wp\/v2\/product\/468","targetHints":{"allow":["GET"]}}],"collection":[{"href":"https:\/\/u2cmobile.fr\/index.php\/wp-json\/wp\/v2\/product"}],"about":[{"href":"https:\/\/u2cmobile.fr\/index.php\/wp-json\/wp\/v2\/types\/product"}],"replies":[{"embeddable":true,"href":"https:\/\/u2cmobile.fr\/index.php\/wp-json\/wp\/v2\/comments?post=468"}],"wp:featuredmedia":[{"embeddable":true,"href":"https:\/\/u2cmobile.fr\/index.php\/wp-json\/wp\/v2\/media\/469"}],"wp:attachment":[{"href":"https:\/\/u2cmobile.fr\/index.php\/wp-json\/wp\/v2\/media?parent=468"}],"wp:term":[{"taxonomy":"product_brand","embeddable":true,"href":"https:\/\/u2cmobile.fr\/index.php\/wp-json\/wp\/v2\/product_brand?post=468"},{"taxonomy":"product_cat","embeddable":true,"href":"https:\/\/u2cmobile.fr\/index.php\/wp-json\/wp\/v2\/product_cat?post=468"},{"taxonomy":"product_tag","embeddable":true,"href":"https:\/\/u2cmobile.fr\/index.php\/wp-json\/wp\/v2\/product_tag?post=468"}],"curies":[{"name":"wp","href":"https:\/\/api.w.org\/{rel}","templated":true}]}}