{"id":459,"date":"2025-12-28T01:35:06","date_gmt":"2025-12-28T01:35:06","guid":{"rendered":"https:\/\/u2cmobile.fr\/?post_type=product&#038;p=459"},"modified":"2025-12-28T01:35:06","modified_gmt":"2025-12-28T01:35:06","slug":"apple-iphone-16-plus","status":"publish","type":"product","link":"https:\/\/u2cmobile.fr\/index.php\/produit\/apple-iphone-16-plus\/","title":{"rendered":"Apple Iphone 16 Plus"},"content":{"rendered":"<p>\ud83d\udcf1 \u00c9cran : 6,7\u2033 Super Retina XDR<br data-start=\"3259\" data-end=\"3262\" \/>\u26a1 Performance : Puce A17 Bionic<br data-start=\"3293\" data-end=\"3296\" \/>\ud83e\udde0 M\u00e9moire : 6 Go RAM<br data-start=\"3317\" data-end=\"3320\" \/>\ud83d\udcbe Stockage : 128 Go<br data-start=\"3344\" data-end=\"3347\" \/>\ud83d\udcf7 Photo : 48 MP + 12 MP arri\u00e8re \/ 12 MP frontale<br data-start=\"3396\" data-end=\"3399\" \/>\ud83d\udd0b Batterie : Jusqu\u2019\u00e0 26 h de lecture vid\u00e9o<br data-start=\"3442\" data-end=\"3445\" \/>\ud83d\udd10 S\u00e9curit\u00e9 : Face ID, iOS s\u00e9curis\u00e9<br data-start=\"3480\" data-end=\"3483\" \/>\ud83d\udce6 \u00c9tat : Neuf<\/p>\n<p>Dispo en Teal et Blanc<\/p>\n","protected":false},"excerpt":{"rendered":"<p data-start=\"3115\" data-end=\"3198\">Grand \u00e9cran et confort d\u2019utilisation pour le multim\u00e9dia.<\/p>\n","protected":false},"featured_media":461,"comment_status":"open","ping_status":"closed","template":"","meta":[],"product_brand":[72],"product_cat":[59],"product_tag":[],"class_list":{"0":"post-459","1":"product","2":"type-product","3":"status-publish","4":"has-post-thumbnail","6":"product_brand-iphone-16-plus","7":"product_cat-neufs-smartphones","9":"first","10":"instock","11":"taxable","12":"shipping-taxable","13":"purchasable","14":"product-type-simple"},"jetpack_sharing_enabled":true,"_links":{"self":[{"href":"https:\/\/u2cmobile.fr\/index.php\/wp-json\/wp\/v2\/product\/459","targetHints":{"allow":["GET"]}}],"collection":[{"href":"https:\/\/u2cmobile.fr\/index.php\/wp-json\/wp\/v2\/product"}],"about":[{"href":"https:\/\/u2cmobile.fr\/index.php\/wp-json\/wp\/v2\/types\/product"}],"replies":[{"embeddable":true,"href":"https:\/\/u2cmobile.fr\/index.php\/wp-json\/wp\/v2\/comments?post=459"}],"wp:featuredmedia":[{"embeddable":true,"href":"https:\/\/u2cmobile.fr\/index.php\/wp-json\/wp\/v2\/media\/461"}],"wp:attachment":[{"href":"https:\/\/u2cmobile.fr\/index.php\/wp-json\/wp\/v2\/media?parent=459"}],"wp:term":[{"taxonomy":"product_brand","embeddable":true,"href":"https:\/\/u2cmobile.fr\/index.php\/wp-json\/wp\/v2\/product_brand?post=459"},{"taxonomy":"product_cat","embeddable":true,"href":"https:\/\/u2cmobile.fr\/index.php\/wp-json\/wp\/v2\/product_cat?post=459"},{"taxonomy":"product_tag","embeddable":true,"href":"https:\/\/u2cmobile.fr\/index.php\/wp-json\/wp\/v2\/product_tag?post=459"}],"curies":[{"name":"wp","href":"https:\/\/api.w.org\/{rel}","templated":true}]}}