{"id":454,"date":"2025-12-28T01:33:10","date_gmt":"2025-12-28T01:33:10","guid":{"rendered":"https:\/\/u2cmobile.fr\/?post_type=product&#038;p=454"},"modified":"2025-12-28T01:33:10","modified_gmt":"2025-12-28T01:33:10","slug":"apple-iphone-16e","status":"publish","type":"product","link":"https:\/\/u2cmobile.fr\/index.php\/produit\/apple-iphone-16e\/","title":{"rendered":"Apple Iphone 16e"},"content":{"rendered":"<p>\ud83d\udcf1 \u00c9cran : 6,1\u2033 Super Retina XDR<br data-start=\"2809\" data-end=\"2812\" \/>\u26a1 Performance : Puce A17 Bionic<br data-start=\"2843\" data-end=\"2846\" \/>\ud83e\udde0 M\u00e9moire : 6 Go RAM<br data-start=\"2867\" data-end=\"2870\" \/>\ud83d\udcbe Stockage : 512 Go<br data-start=\"2894\" data-end=\"2897\" \/>\ud83d\udcf7 Photo : 48 MP + 12 MP arri\u00e8re \/ 12 MP frontale<br data-start=\"2946\" data-end=\"2949\" \/>\ud83d\udd0b Batterie : Jusqu\u2019\u00e0 22 h de lecture vid\u00e9o<br data-start=\"2992\" data-end=\"2995\" \/>\ud83d\udd10 S\u00e9curit\u00e9 : Face ID, iOS s\u00e9curis\u00e9<br data-start=\"3030\" data-end=\"3033\" \/>\ud83d\udce6 \u00c9tat : Neuf<\/p>\n<p>Dispo en Noir et Blanc<\/p>\n","protected":false},"excerpt":{"rendered":"<p data-start=\"2668\" data-end=\"2748\">Le stockage ultime pour ceux qui veulent tout garder.<\/p>\n","protected":false},"featured_media":455,"comment_status":"open","ping_status":"closed","template":"","meta":[],"product_brand":[71],"product_cat":[59],"product_tag":[],"class_list":{"0":"post-454","1":"product","2":"type-product","3":"status-publish","4":"has-post-thumbnail","6":"product_brand-iphone-16e","7":"product_cat-neufs-smartphones","9":"first","10":"instock","11":"taxable","12":"shipping-taxable","13":"purchasable","14":"product-type-simple"},"jetpack_sharing_enabled":true,"_links":{"self":[{"href":"https:\/\/u2cmobile.fr\/index.php\/wp-json\/wp\/v2\/product\/454","targetHints":{"allow":["GET"]}}],"collection":[{"href":"https:\/\/u2cmobile.fr\/index.php\/wp-json\/wp\/v2\/product"}],"about":[{"href":"https:\/\/u2cmobile.fr\/index.php\/wp-json\/wp\/v2\/types\/product"}],"replies":[{"embeddable":true,"href":"https:\/\/u2cmobile.fr\/index.php\/wp-json\/wp\/v2\/comments?post=454"}],"wp:featuredmedia":[{"embeddable":true,"href":"https:\/\/u2cmobile.fr\/index.php\/wp-json\/wp\/v2\/media\/455"}],"wp:attachment":[{"href":"https:\/\/u2cmobile.fr\/index.php\/wp-json\/wp\/v2\/media?parent=454"}],"wp:term":[{"taxonomy":"product_brand","embeddable":true,"href":"https:\/\/u2cmobile.fr\/index.php\/wp-json\/wp\/v2\/product_brand?post=454"},{"taxonomy":"product_cat","embeddable":true,"href":"https:\/\/u2cmobile.fr\/index.php\/wp-json\/wp\/v2\/product_cat?post=454"},{"taxonomy":"product_tag","embeddable":true,"href":"https:\/\/u2cmobile.fr\/index.php\/wp-json\/wp\/v2\/product_tag?post=454"}],"curies":[{"name":"wp","href":"https:\/\/api.w.org\/{rel}","templated":true}]}}