{"id":438,"date":"2025-12-28T01:28:29","date_gmt":"2025-12-28T01:28:29","guid":{"rendered":"https:\/\/u2cmobile.fr\/?post_type=product&#038;p=438"},"modified":"2025-12-28T01:28:29","modified_gmt":"2025-12-28T01:28:29","slug":"apple-iphone-15","status":"publish","type":"product","link":"https:\/\/u2cmobile.fr\/index.php\/produit\/apple-iphone-15\/","title":{"rendered":"Apple Iphone 15"},"content":{"rendered":"<p>\ud83d\udcf1 \u00c9cran : 6,1\u2033 Super Retina XDR<br data-start=\"1881\" data-end=\"1884\" \/>\u26a1 Performance : Puce A16 Bionic, ultra-rapide<br data-start=\"1929\" data-end=\"1932\" \/>\ud83e\udde0 M\u00e9moire : 6 Go RAM<br data-start=\"1953\" data-end=\"1956\" \/>\ud83d\udcbe Stockage : 128 Go<br data-start=\"1980\" data-end=\"1983\" \/>\ud83d\udcf7 Photo : 48 MP + 12 MP arri\u00e8re \/ 12 MP frontale<br data-start=\"2032\" data-end=\"2035\" \/>\ud83d\udd0b Batterie : Jusqu\u2019\u00e0 20 h de lecture vid\u00e9o<br data-start=\"2078\" data-end=\"2081\" \/>\ud83d\udd10 S\u00e9curit\u00e9 : Face ID, syst\u00e8me iOS s\u00e9curis\u00e9<br data-start=\"2124\" data-end=\"2127\" \/>\ud83d\udce6 \u00c9tat : Neuf<\/p>\n","protected":false},"excerpt":{"rendered":"<p data-start=\"1744\" data-end=\"1820\">Puissance et design Apple.<\/p>\n","protected":false},"featured_media":448,"comment_status":"open","ping_status":"closed","template":"","meta":[],"product_brand":[69],"product_cat":[59],"product_tag":[],"class_list":{"0":"post-438","1":"product","2":"type-product","3":"status-publish","4":"has-post-thumbnail","6":"product_brand-iphone-15","7":"product_cat-neufs-smartphones","9":"first","10":"instock","11":"taxable","12":"shipping-taxable","13":"purchasable","14":"product-type-simple"},"jetpack_sharing_enabled":true,"_links":{"self":[{"href":"https:\/\/u2cmobile.fr\/index.php\/wp-json\/wp\/v2\/product\/438","targetHints":{"allow":["GET"]}}],"collection":[{"href":"https:\/\/u2cmobile.fr\/index.php\/wp-json\/wp\/v2\/product"}],"about":[{"href":"https:\/\/u2cmobile.fr\/index.php\/wp-json\/wp\/v2\/types\/product"}],"replies":[{"embeddable":true,"href":"https:\/\/u2cmobile.fr\/index.php\/wp-json\/wp\/v2\/comments?post=438"}],"wp:featuredmedia":[{"embeddable":true,"href":"https:\/\/u2cmobile.fr\/index.php\/wp-json\/wp\/v2\/media\/448"}],"wp:attachment":[{"href":"https:\/\/u2cmobile.fr\/index.php\/wp-json\/wp\/v2\/media?parent=438"}],"wp:term":[{"taxonomy":"product_brand","embeddable":true,"href":"https:\/\/u2cmobile.fr\/index.php\/wp-json\/wp\/v2\/product_brand?post=438"},{"taxonomy":"product_cat","embeddable":true,"href":"https:\/\/u2cmobile.fr\/index.php\/wp-json\/wp\/v2\/product_cat?post=438"},{"taxonomy":"product_tag","embeddable":true,"href":"https:\/\/u2cmobile.fr\/index.php\/wp-json\/wp\/v2\/product_tag?post=438"}],"curies":[{"name":"wp","href":"https:\/\/api.w.org\/{rel}","templated":true}]}}