{"id":436,"date":"2025-12-26T16:30:19","date_gmt":"2025-12-26T16:30:19","guid":{"rendered":"https:\/\/u2cmobile.fr\/?post_type=product&#038;p=436"},"modified":"2025-12-28T01:24:54","modified_gmt":"2025-12-28T01:24:54","slug":"motorola-moto-g35","status":"publish","type":"product","link":"https:\/\/u2cmobile.fr\/index.php\/produit\/motorola-moto-g35\/","title":{"rendered":"Motorola Moto G35"},"content":{"rendered":"<p>\ud83d\udcf1 \u00c9cran : 6,5\u2033 HD+<br data-start=\"1443\" data-end=\"1446\" \/>\u26a1 Performance : Octa-Core \u00e9quilibr\u00e9<br data-start=\"1481\" data-end=\"1484\" \/>\ud83e\udde0 M\u00e9moire : 4 Go RAM<br data-start=\"1505\" data-end=\"1508\" \/>\ud83d\udcbe Stockage : 128 Go<br data-start=\"1532\" data-end=\"1535\" \/>\ud83d\udcf7 Photo : 50 MP + 2 MP \/ 13 MP frontale<br data-start=\"1575\" data-end=\"1578\" \/>\ud83d\udd0b Batterie : 5000 mAh, autonomie solide<br data-start=\"1618\" data-end=\"1621\" \/>\ud83d\udd10 S\u00e9curit\u00e9 : D\u00e9verrouillage par empreinte digitale<br data-start=\"1672\" data-end=\"1675\" \/>\ud83d\udce6 \u00c9tat : Neuf<\/p>\n","protected":false},"excerpt":{"rendered":"<p data-start=\"1304\" data-end=\"1395\">La polyvalence incarn\u00e9e : autonomie, photos et stockage correct.<\/p>\n","protected":false},"featured_media":437,"comment_status":"open","ping_status":"closed","template":"","meta":[],"product_brand":[68,67],"product_cat":[59],"product_tag":[64,33,62],"class_list":{"0":"post-436","1":"product","2":"type-product","3":"status-publish","4":"has-post-thumbnail","6":"product_brand-moto-g35","7":"product_brand-motorola","8":"product_cat-neufs-smartphones","9":"product_tag-android","10":"product_tag-perso","11":"product_tag-petit-prix","13":"first","14":"instock","15":"taxable","16":"shipping-taxable","17":"purchasable","18":"product-type-simple"},"jetpack_sharing_enabled":true,"_links":{"self":[{"href":"https:\/\/u2cmobile.fr\/index.php\/wp-json\/wp\/v2\/product\/436","targetHints":{"allow":["GET"]}}],"collection":[{"href":"https:\/\/u2cmobile.fr\/index.php\/wp-json\/wp\/v2\/product"}],"about":[{"href":"https:\/\/u2cmobile.fr\/index.php\/wp-json\/wp\/v2\/types\/product"}],"replies":[{"embeddable":true,"href":"https:\/\/u2cmobile.fr\/index.php\/wp-json\/wp\/v2\/comments?post=436"}],"wp:featuredmedia":[{"embeddable":true,"href":"https:\/\/u2cmobile.fr\/index.php\/wp-json\/wp\/v2\/media\/437"}],"wp:attachment":[{"href":"https:\/\/u2cmobile.fr\/index.php\/wp-json\/wp\/v2\/media?parent=436"}],"wp:term":[{"taxonomy":"product_brand","embeddable":true,"href":"https:\/\/u2cmobile.fr\/index.php\/wp-json\/wp\/v2\/product_brand?post=436"},{"taxonomy":"product_cat","embeddable":true,"href":"https:\/\/u2cmobile.fr\/index.php\/wp-json\/wp\/v2\/product_cat?post=436"},{"taxonomy":"product_tag","embeddable":true,"href":"https:\/\/u2cmobile.fr\/index.php\/wp-json\/wp\/v2\/product_tag?post=436"}],"curies":[{"name":"wp","href":"https:\/\/api.w.org\/{rel}","templated":true}]}}