{"id":434,"date":"2025-12-26T16:16:12","date_gmt":"2025-12-26T16:16:12","guid":{"rendered":"https:\/\/u2cmobile.fr\/?post_type=product&#038;p=434"},"modified":"2025-12-28T01:24:22","modified_gmt":"2025-12-28T01:24:22","slug":"zte-blade-v70","status":"publish","type":"product","link":"https:\/\/u2cmobile.fr\/index.php\/produit\/zte-blade-v70\/","title":{"rendered":"ZTE Blade V70 Max"},"content":{"rendered":"<p>\ud83d\udcf1 \u00c9cran : 6,67\u2033 Full HD+<br data-start=\"966\" data-end=\"969\" \/>\u26a1 Performance : Octa-Core pour multit\u00e2che fluide<br data-start=\"1017\" data-end=\"1020\" \/>\ud83e\udde0 M\u00e9moire : 4 Go RAM<br data-start=\"1041\" data-end=\"1044\" \/>\ud83d\udcbe Stockage : 256 Go<br \/>\n\ud83d\udcf7 Photo : 48 MP + 2 MP arri\u00e8re \/ 16 MP frontale<br data-start=\"1119\" data-end=\"1122\" \/>\ud83d\udd0b Batterie : 5000 mAh, autonomie prolong\u00e9e<br data-start=\"1165\" data-end=\"1168\" \/>\ud83d\udd10 S\u00e9curit\u00e9 : D\u00e9verrouillage par empreinte digitale<br data-start=\"1219\" data-end=\"1222\" \/>\ud83d\udce6 \u00c9tat : Neuf<\/p>\n","protected":false},"excerpt":{"rendered":"<p data-start=\"831\" data-end=\"912\">Stockage XXL et fluidit\u00e9 pour toutes vos applications.<\/p>\n","protected":false},"featured_media":435,"comment_status":"open","ping_status":"closed","template":"","meta":[],"product_brand":[66],"product_cat":[59],"product_tag":[64,33,62,63],"class_list":{"0":"post-434","1":"product","2":"type-product","3":"status-publish","4":"has-post-thumbnail","6":"product_brand-blade-v70","7":"product_cat-neufs-smartphones","8":"product_tag-android","9":"product_tag-perso","10":"product_tag-petit-prix","11":"product_tag-smartphones","13":"first","14":"instock","15":"taxable","16":"shipping-taxable","17":"purchasable","18":"product-type-simple"},"jetpack_sharing_enabled":true,"_links":{"self":[{"href":"https:\/\/u2cmobile.fr\/index.php\/wp-json\/wp\/v2\/product\/434","targetHints":{"allow":["GET"]}}],"collection":[{"href":"https:\/\/u2cmobile.fr\/index.php\/wp-json\/wp\/v2\/product"}],"about":[{"href":"https:\/\/u2cmobile.fr\/index.php\/wp-json\/wp\/v2\/types\/product"}],"replies":[{"embeddable":true,"href":"https:\/\/u2cmobile.fr\/index.php\/wp-json\/wp\/v2\/comments?post=434"}],"wp:featuredmedia":[{"embeddable":true,"href":"https:\/\/u2cmobile.fr\/index.php\/wp-json\/wp\/v2\/media\/435"}],"wp:attachment":[{"href":"https:\/\/u2cmobile.fr\/index.php\/wp-json\/wp\/v2\/media?parent=434"}],"wp:term":[{"taxonomy":"product_brand","embeddable":true,"href":"https:\/\/u2cmobile.fr\/index.php\/wp-json\/wp\/v2\/product_brand?post=434"},{"taxonomy":"product_cat","embeddable":true,"href":"https:\/\/u2cmobile.fr\/index.php\/wp-json\/wp\/v2\/product_cat?post=434"},{"taxonomy":"product_tag","embeddable":true,"href":"https:\/\/u2cmobile.fr\/index.php\/wp-json\/wp\/v2\/product_tag?post=434"}],"curies":[{"name":"wp","href":"https:\/\/api.w.org\/{rel}","templated":true}]}}