{"id":429,"date":"2025-12-26T15:45:07","date_gmt":"2025-12-26T15:45:07","guid":{"rendered":"https:\/\/u2cmobile.fr\/?post_type=product&#038;p=429"},"modified":"2025-12-28T01:23:26","modified_gmt":"2025-12-28T01:23:26","slug":"zte-blade-a35","status":"publish","type":"product","link":"https:\/\/u2cmobile.fr\/index.php\/produit\/zte-blade-a35\/","title":{"rendered":"ZTE Blade A35"},"content":{"rendered":"<p>\ud83d\udcf1 \u00c9cran : 6,52\u2033 HD+<br data-start=\"531\" data-end=\"534\" \/>\u26a1 Performance : Quad-Core l\u00e9ger<br data-start=\"565\" data-end=\"568\" \/>\ud83e\udde0 M\u00e9moire : 2 Go RAM<br data-start=\"589\" data-end=\"592\" \/>\ud83d\udcbe Stockage : 64 Go SSD<br data-start=\"615\" data-end=\"618\" \/>\ud83d\udcf7 Photo : 8 MP arri\u00e8re \/ 5 MP frontale<br data-start=\"657\" data-end=\"660\" \/>\ud83d\udd0b Batterie : 4000 mAh, autonomie journ\u00e9e enti\u00e8re<br data-start=\"709\" data-end=\"712\" \/>\ud83d\udd10 S\u00e9curit\u00e9 : D\u00e9verrouillage classique<br data-start=\"750\" data-end=\"753\" \/>\ud83d\udce6 \u00c9tat : Neuf<\/p>\n","protected":false},"excerpt":{"rendered":"<p data-start=\"327\" data-end=\"419\">Un smartphone l\u00e9ger et pratique \u00e0 petit prix pour une utilisation quotidienne.<\/p>\n","protected":false},"featured_media":430,"comment_status":"open","ping_status":"closed","template":"","meta":[],"product_brand":[61,60],"product_cat":[59],"product_tag":[64,62,63],"class_list":{"0":"post-429","1":"product","2":"type-product","3":"status-publish","4":"has-post-thumbnail","6":"product_brand-blade-a35","7":"product_brand-zte","8":"product_cat-neufs-smartphones","9":"product_tag-android","10":"product_tag-petit-prix","11":"product_tag-smartphones","13":"first","14":"instock","15":"taxable","16":"shipping-taxable","17":"purchasable","18":"product-type-simple"},"jetpack_sharing_enabled":true,"_links":{"self":[{"href":"https:\/\/u2cmobile.fr\/index.php\/wp-json\/wp\/v2\/product\/429","targetHints":{"allow":["GET"]}}],"collection":[{"href":"https:\/\/u2cmobile.fr\/index.php\/wp-json\/wp\/v2\/product"}],"about":[{"href":"https:\/\/u2cmobile.fr\/index.php\/wp-json\/wp\/v2\/types\/product"}],"replies":[{"embeddable":true,"href":"https:\/\/u2cmobile.fr\/index.php\/wp-json\/wp\/v2\/comments?post=429"}],"wp:featuredmedia":[{"embeddable":true,"href":"https:\/\/u2cmobile.fr\/index.php\/wp-json\/wp\/v2\/media\/430"}],"wp:attachment":[{"href":"https:\/\/u2cmobile.fr\/index.php\/wp-json\/wp\/v2\/media?parent=429"}],"wp:term":[{"taxonomy":"product_brand","embeddable":true,"href":"https:\/\/u2cmobile.fr\/index.php\/wp-json\/wp\/v2\/product_brand?post=429"},{"taxonomy":"product_cat","embeddable":true,"href":"https:\/\/u2cmobile.fr\/index.php\/wp-json\/wp\/v2\/product_cat?post=429"},{"taxonomy":"product_tag","embeddable":true,"href":"https:\/\/u2cmobile.fr\/index.php\/wp-json\/wp\/v2\/product_tag?post=429"}],"curies":[{"name":"wp","href":"https:\/\/api.w.org\/{rel}","templated":true}]}}